{"id":19,"date":"2015-04-16T10:15:25","date_gmt":"2015-04-16T10:15:25","guid":{"rendered":"http:\/\/managementbycommunication.se\/mbcdir\/?page_id=19"},"modified":"2015-05-06T15:22:19","modified_gmt":"2015-05-06T15:22:19","slug":"medarbetare","status":"publish","type":"page","link":"http:\/\/managementbycommunication.se\/?page_id=19","title":{"rendered":"Om oss"},"content":{"rendered":"<p>Tillsammans har vi en mycket bred erfarenhet av kommunikationsarbete fr\u00e5n det strategiska till det handfasta operativa och fr\u00e5n det lilla till det stora sammanhanget. Vi har en gedigen erfarenhet fr\u00e5n n\u00e4ringslivet och fr\u00e5n Svenska kyrkan.<\/p>\n<p>N\u00e4r det g\u00e4ller Svenska kyrkan har vi erfarenhet fr\u00e5n olika typer av f\u00f6rsamlingar, landsbygd och storstad, stift och nationell niv\u00e5. Vi har samtidigt stor erfarenhet och kontaktn\u00e4t utanf\u00f6r denna v\u00e4rld, som g\u00f6r att vi kan ta tillvara de speciella f\u00f6ruts\u00e4ttningar som finns inom Svensk kyrkan utan att fastna i alltf\u00f6r interna l\u00f6sningar.<\/p>\n<p><strong>Per-Ivar Persson<\/strong><\/p>\n<p>Per-Ivar \u00e4r f\u00f6dd 1950 och har arbetat tio \u00e5r inom Svenska kyrkan som utbildningsansvarig och f\u00f6rbundssekreterare inom Riksf\u00f6rbundet Kyrkans Ungdom och som Vd f\u00f6r Kyrkans Tidning.<\/p>\n<p>D\u00e4refter under 18 \u00e5r p\u00e5 Telias koncernkontor f\u00f6rst som utvecklingsansvarig f\u00f6r internkommunikation och ansvarig att utarbeta Telias f\u00f6rsta koncerngemensamma kommunikationsstrategi och senare som projektledare f\u00f6r en m\u00e4ngd olika kommunikationsprojekt av b\u00e5de strategisk och operativ karakt\u00e4r s\u00e4rskilt med inriktning p\u00e5 utveckling och inf\u00f6rande av datorbaserade st\u00f6dsystem f\u00f6r kommunikationsverksamheten.<\/p>\n<p>Fr\u00e5n 2004 driver han Vallbo Fj\u00e4llg\u00e5rd och Management by Communication.<\/p>\n<p>Per-Ivar har beteendevetenskaplig utbildning fr\u00e5n Stockholms Universitet och har studerat informatik med systemvetenskap vid Kungliga Tekniska H\u00f6gskolan\/Stockholms Universitet och studerat f\u00f6r MBA med IT-inriktning vid Handelsh\u00f6gskolan i Stockholm.<\/p>\n<p><strong>Ann-Mari Lundholm<\/strong><\/p>\n<p>Ann-Mari \u00e4r f\u00f6dd 1953 och har hela sitt yrkesverksamma liv arbetat inom Svenska kyrkan. Hon har 15 \u00e5rs erfarenhet av ansvar f\u00f6r all barn- och ungdomsverksamhet inklusive konfirmandarbete inom ett flerf\u00f6rsamlingspastorat.<\/p>\n<p>Under en period var hon administrativ chef i samma pastorat och har sedan dess under 15 \u00e5r arbetat som informationsansvarig inom flera f\u00f6rsamlingar. Nu arbetar hon vid Svenska kyrkans nationella kansli.<\/p>\n<p>Hon har erfarenhet av b\u00e5de enf\u00f6rsamlings- och flerf\u00f6rsamlingspastorat och samarbete mellan sj\u00e4lvst\u00e4ndiga f\u00f6rsamlingar samt som projektledare fr\u00e5n fl era kortare och l\u00e4ngre uppdrag. Ann-Mari har utbildning som fritidsledare, h\u00f6gskoleutbildning i aff\u00e4rskommunikation fr\u00e5n IHM Business School och har g\u00e5tt ledarutbildningen UGL.<\/p>\n<p>Ann-Mari arbetar nu heltid p\u00e5 Svenska kyrkans nationella kansli och kan d\u00e4rf\u00f6r inte ta egna projekt. Hon finns d\u00e4remot med som bollplank.<\/p>\n<p><a class=\"button\" href=http:\/\/managementbycommunication.se\/mbcdir\/?page_id=88>Kontakta oss<\/a><\/p>\n","protected":false},"excerpt":{"rendered":"<p>Tillsammans har vi en mycket bred erfarenhet av kommunikationsarbete fr\u00e5n det strategiska till det handfasta operativa och fr\u00e5n det lilla till det stora sammanhanget. Vi har en gedigen erfarenhet fr\u00e5n n\u00e4ringslivet och fr\u00e5n Svenska kyrkan. N\u00e4r det g\u00e4ller Svenska kyrkan har vi erfarenhet fr\u00e5n olika typer av f\u00f6rsamlingar, landsbygd och storstad, stift och nationell niv\u00e5. [&hellip;]<\/p>\n","protected":false},"author":1,"featured_media":0,"parent":7,"menu_order":3,"comment_status":"closed","ping_status":"closed","template":"","meta":{"_genesis_hide_title":false,"_genesis_hide_breadcrumbs":false,"_genesis_hide_singular_image":false,"_genesis_hide_footer_widgets":false,"_genesis_custom_body_class":"","_genesis_custom_post_class":"","_genesis_layout":"","footnotes":""},"class_list":{"0":"post-19","1":"page","2":"type-page","3":"status-publish","5":"entry"},"_links":{"self":[{"href":"http:\/\/managementbycommunication.se\/index.php?rest_route=\/wp\/v2\/pages\/19"}],"collection":[{"href":"http:\/\/managementbycommunication.se\/index.php?rest_route=\/wp\/v2\/pages"}],"about":[{"href":"http:\/\/managementbycommunication.se\/index.php?rest_route=\/wp\/v2\/types\/page"}],"author":[{"embeddable":true,"href":"http:\/\/managementbycommunication.se\/index.php?rest_route=\/wp\/v2\/users\/1"}],"replies":[{"embeddable":true,"href":"http:\/\/managementbycommunication.se\/index.php?rest_route=%2Fwp%2Fv2%2Fcomments&post=19"}],"version-history":[{"count":12,"href":"http:\/\/managementbycommunication.se\/index.php?rest_route=\/wp\/v2\/pages\/19\/revisions"}],"predecessor-version":[{"id":106,"href":"http:\/\/managementbycommunication.se\/index.php?rest_route=\/wp\/v2\/pages\/19\/revisions\/106"}],"up":[{"embeddable":true,"href":"http:\/\/managementbycommunication.se\/index.php?rest_route=\/wp\/v2\/pages\/7"}],"wp:attachment":[{"href":"http:\/\/managementbycommunication.se\/index.php?rest_route=%2Fwp%2Fv2%2Fmedia&parent=19"}],"curies":[{"name":"wp","href":"https:\/\/api.w.org\/{rel}","templated":true}]}}